{"id":5108,"date":"2024-12-12T13:55:18","date_gmt":"2024-12-12T13:55:18","guid":{"rendered":"https:\/\/wordpress.mkcl-com.hc.p34c3.de\/?page_id=5108"},"modified":"2025-09-16T13:48:30","modified_gmt":"2025-09-16T13:48:30","slug":"flex-it-uebernimmt-mkcl","status":"publish","type":"page","link":"https:\/\/prod.wordpress.mkcl-com.hc.p34c3.de\/en\/flex-it-uebernimmt-mkcl\/","title":{"rendered":"Flex IT \u00fcbernimmt MKCL EN"},"content":{"rendered":"\n<div class=\"wp-block-group alignfull has-tertiary-background-color has-background is-layout-flow wp-container-core-group-is-layout-be9fb5a7 wp-block-group-is-layout-flow\" style=\"border-radius:50px;margin-top:var(--wp--preset--spacing--30);margin-bottom:var(--wp--preset--spacing--30);padding-top:var(--wp--preset--spacing--30);padding-right:var(--wp--preset--spacing--30);padding-bottom:var(--wp--preset--spacing--30);padding-left:var(--wp--preset--spacing--30)\">\n<h1 class=\"wp-block-heading alignfull has-text-align-center has-x-large-font-size\" style=\"margin-top:var(--wp--preset--spacing--30);margin-bottom:var(--wp--preset--spacing--30)\"><strong>Flex IT acquires German demopool specialist MKCL GmbH<\/strong><\/h1>\n<\/div>\n\n\n\n<div class=\"wp-block-columns alignwide is-layout-flex wp-container-core-columns-is-layout-1a2ddb66 wp-block-columns-is-layout-flex\" style=\"padding-right:var(--wp--preset--spacing--30);padding-left:var(--wp--preset--spacing--30)\">\n<div class=\"wp-block-column is-layout-flow wp-block-column-is-layout-flow\">\n<p style=\"margin-right:0;margin-left:0\">Leiden, The Netherlands, April 1, 2022 \u2013 Flex IT, one of Europe\u2019s largest specialists in IT lifecycle management, today announced the acquisition of MKCL, the leading European provider of demo pool management, in order to expand its demo services and circular IT portfolio. The acquisition of MKCL is part of Flex IT\u2019s ongoing mission to lead the transition toward a fully circular European market for IT hardware. The goal is to support the company\u2019s strategy of expanding its services for both the IT channel and IT vendors.<\/p>\n\n\n\n<p>With the lifespan of IT hardware now averaging only three to five years, the annual e-waste mountain continues to grow. According to Flex IT, the key to solving this problem lies in extending this lifecycle in order to drastically reduce environmental impact.<\/p>\n\n\n\n<p>\u201cWith the acquisition of MKCL, Flex IT is taking another major step forward in strengthening its position as a circular service provider for manufacturers\u2014particularly for Lenovo, due to the strong relationship between Lenovo and MKCL,\u201d said Leon Timmermans, CEO of Flex IT.<br>\u201cIn addition, Flex IT can support companies in achieving their sustainability goals by offering Lenovo products on the European market. The demand for sustainable IT computers and laptops is expected to grow significantly in the coming years. Flex IT wants to support businesses in this transition, and the acquisition of MKCL helps us realize this goal more rapidly.\u201d<\/p>\n\n\n\n<p>\u201cWe are very pleased to welcome MKCL as part of our group,\u201d Timmermans continued. \u201cThis enables us not only to support companies in achieving their circular economy ambitions, but also to strengthen our offering of circular IT in Europe. It is also an important milestone on our journey to becoming the largest demo partner in Europe. It allows us to reinforce our leadership position in the circular space and expand this specialization across the European market, thereby accelerating the optimization of circular IT in Europe.\u201d<br>\u201cWe expect a perfect synergy with the MKCL team, as we share the same values and the same vision for the development of the circular market. Over the past year, Michael Frautz and I have built a strong relationship. Michael has created a high-quality company, and we are excited to build on the foundation he has established with MKCL.\u201d<\/p>\n\n\n\n<p>MKCL is a well-established brand in the European IT landscape and will remain active under the name MKCL. For more than 20 years, MKCL has been developing innovative IT services for several global IT vendors such as Lenovo. In addition to logistics, production, and trade of IT hardware, its portfolio also includes demo pool management and other IT hardware services for vendors.<\/p>\n\n\n\n<p>Frank Hulshoff, Chief Commercial Officer at Flex IT, added:<br>\u201cSustainability and contributing to the circular economy are increasingly at the top of the agenda for both companies and public institutions. The recognition among businesses and governments that the use of circular IT within IT infrastructure is a cost-effective and secure solution\u2014while also helping to achieve sustainability goals\u2014is driving significant growth in the circular IT hardware market.\u201d<\/p>\n\n\n\n<p>\u201cI firmly believe that the acquisition of MKCL by Flex IT will enable the MKCL organization to reach its full potential,\u201d said Michael Frautz, CEO of MKCL. \u201cFlex IT is one of the largest circular IT companies in the world, and I am proud that it has chosen MKCL as part of its long-term strategy.\u201d<\/p>\n\n\n\n<p>Completion of the acquisition is subject to customary conditions, including registration of the merger with the Authority for Consumers and Markets, and is expected to be finalized in the first half of 2022.<\/p>\n\n\n\n<h2 class=\"wp-block-heading\">About Flex IT<\/h2>\n\n\n\n<p style=\"margin-top:var(--wp--preset--spacing--30);margin-right:0;margin-bottom:var(--wp--preset--spacing--30);margin-left:0\">Flex IT is a specialist in circular IT and is headquartered in the Netherlands, with offices in France, Germany, Spain, Italy, Belgium, Poland, Sweden, Bulgaria, and the United Kingdom. Flex IT\u2019s mission is to extend the lifecycle of IT hardware products. For more than 30 years, the company has been providing sustainable hardware solutions to organizations in both the commercial and public sectors. From the very beginning, its focus has been on extending the lifecycle of IT devices and making IT hardware part of the circular economy. Flex IT products are used to make companies\u2019 IT infrastructure more sustainable, cost-efficient, and secure.<\/p>\n<\/div>\n<\/div>\n","protected":false},"excerpt":{"rendered":"<p>Flex IT acquires German demopool specialist MKCL GmbH Leiden, The Netherlands, April 1, 2022 \u2013 Flex IT, one of Europe\u2019s largest specialists in IT lifecycle management, today announced the acquisition of MKCL, the leading European provider of demo pool management, in order to expand its demo services and circular IT portfolio. The acquisition of MKCL [&hellip;]<\/p>\n","protected":false},"author":16,"featured_media":0,"parent":0,"menu_order":0,"comment_status":"closed","ping_status":"closed","template":"wp-custom-template-page-mit-header-content-und-footer","meta":{"footnotes":""},"class_list":["post-5108","page","type-page","status-publish","hentry"],"translation":{"provider":"WPGlobus","version":"3.0.2","language":"en","enabled_languages":["de","en"],"languages":{"de":{"title":true,"content":true,"excerpt":false},"en":{"title":true,"content":true,"excerpt":false}}},"yoast_head":"<!-- This site is optimized with the Yoast SEO plugin v27.3 - https:\/\/yoast.com\/product\/yoast-seo-wordpress\/ -->\n<title>Flex IT \u00fcbernimmt MKCL EN &#8211; MKCL Deutschland GmbH<\/title>\n<meta name=\"robots\" content=\"noindex, follow, max-snippet:-1, max-image-preview:large, max-video-preview:-1\" \/>\n<meta property=\"og:locale\" content=\"en_US\" \/>\n<meta property=\"og:type\" content=\"article\" \/>\n<meta property=\"og:title\" content=\"Flex IT \u00fcbernimmt MKCL EN &#8211; MKCL Deutschland GmbH\" \/>\n<meta property=\"og:url\" content=\"https:\/\/www.mkcl.com\/en\/flex-it-uebernimmt-mkcl\/\" \/>\n<meta property=\"og:site_name\" content=\"MKCL Deutschland GmbH\" \/>\n<meta property=\"article:publisher\" content=\"https:\/\/www.facebook.com\/MKCLDeutschland\/\" \/>\n<meta property=\"article:modified_time\" content=\"2025-09-16T13:48:30+00:00\" \/>\n<meta name=\"twitter:card\" content=\"summary_large_image\" \/>\n<meta name=\"twitter:label1\" content=\"Est. reading time\" \/>\n\t<meta name=\"twitter:data1\" content=\"4 minutes\" \/>\n<script type=\"application\/ld+json\" class=\"yoast-schema-graph\">{\"@context\":\"https:\\\/\\\/schema.org\",\"@graph\":[{\"@type\":\"WebPage\",\"@id\":\"https:\\\/\\\/www.mkcl.com\\\/en\\\/flex-it-uebernimmt-mkcl\\\/\",\"url\":\"https:\\\/\\\/www.mkcl.com\\\/en\\\/flex-it-uebernimmt-mkcl\\\/\",\"name\":\"Flex IT \u00fcbernimmt MKCL EN &#8211; MKCL Deutschland GmbH\",\"isPartOf\":{\"@id\":\"https:\\\/\\\/www.mkcl.com\\\/#website\"},\"datePublished\":\"2024-12-12T13:55:18+00:00\",\"dateModified\":\"2025-09-16T13:48:30+00:00\",\"description\":\"Erfahren Sie mehr \u00fcber die \u00dcbernahme der MKCL Deutschland GmbH durch Flex IT und wie diese Akquisition das Portfolio im Bereich Circular IT st\u00e4rkt.\",\"breadcrumb\":{\"@id\":\"https:\\\/\\\/www.mkcl.com\\\/en\\\/flex-it-uebernimmt-mkcl\\\/#breadcrumb\"},\"inLanguage\":\"en-US\",\"potentialAction\":[{\"@type\":\"ReadAction\",\"target\":[\"https:\\\/\\\/www.mkcl.com\\\/en\\\/flex-it-uebernimmt-mkcl\\\/\"]}]},{\"@type\":\"BreadcrumbList\",\"@id\":\"https:\\\/\\\/www.mkcl.com\\\/en\\\/flex-it-uebernimmt-mkcl\\\/#breadcrumb\",\"itemListElement\":[{\"@type\":\"ListItem\",\"position\":1,\"name\":\"Startseite\",\"item\":\"https:\\\/\\\/www.mkcl.com\\\/\"},{\"@type\":\"ListItem\",\"position\":2,\"name\":\"Flex IT \u00fcbernimmt MKCL EN\"}]},{\"@type\":\"WebSite\",\"@id\":\"https:\\\/\\\/www.mkcl.com\\\/#website\",\"url\":\"https:\\\/\\\/www.mkcl.com\\\/\",\"name\":\"MKCL Deutschland GmbH\",\"description\":\"Simplifies Your Business\",\"publisher\":{\"@id\":\"https:\\\/\\\/www.mkcl.com\\\/#organization\"},\"potentialAction\":[{\"@type\":\"SearchAction\",\"target\":{\"@type\":\"EntryPoint\",\"urlTemplate\":\"https:\\\/\\\/www.mkcl.com\\\/?s={search_term_string}\"},\"query-input\":{\"@type\":\"PropertyValueSpecification\",\"valueRequired\":true,\"valueName\":\"search_term_string\"}}],\"inLanguage\":\"en-US\"},{\"@type\":\"Organization\",\"@id\":\"https:\\\/\\\/www.mkcl.com\\\/#organization\",\"name\":\"MKCL Deutschland GmbH\",\"url\":\"https:\\\/\\\/www.mkcl.com\\\/\",\"logo\":{\"@type\":\"ImageObject\",\"inLanguage\":\"en-US\",\"@id\":\"https:\\\/\\\/www.mkcl.com\\\/#\\\/schema\\\/logo\\\/image\\\/\",\"url\":\"https:\\\/\\\/prod.wordpress.mkcl-com.hc.p34c3.de\\\/wp-content\\\/uploads\\\/2026\\\/02\\\/MKCL-Logo.png\",\"contentUrl\":\"https:\\\/\\\/prod.wordpress.mkcl-com.hc.p34c3.de\\\/wp-content\\\/uploads\\\/2026\\\/02\\\/MKCL-Logo.png\",\"width\":1000,\"height\":1000,\"caption\":\"MKCL Deutschland GmbH\"},\"image\":{\"@id\":\"https:\\\/\\\/www.mkcl.com\\\/#\\\/schema\\\/logo\\\/image\\\/\"},\"sameAs\":[\"https:\\\/\\\/www.facebook.com\\\/MKCLDeutschland\\\/\"]}]}<\/script>\n<!-- \/ Yoast SEO plugin. -->","yoast_head_json":{"title":"Flex IT \u00fcbernimmt MKCL EN &#8211; MKCL Deutschland GmbH","robots":{"index":"noindex","follow":"follow","max-snippet":"max-snippet:-1","max-image-preview":"max-image-preview:large","max-video-preview":"max-video-preview:-1"},"og_locale":"en_US","og_type":"article","og_title":"Flex IT \u00fcbernimmt MKCL EN &#8211; MKCL Deutschland GmbH","og_url":"https:\/\/www.mkcl.com\/en\/flex-it-uebernimmt-mkcl\/","og_site_name":"MKCL Deutschland GmbH","article_publisher":"https:\/\/www.facebook.com\/MKCLDeutschland\/","article_modified_time":"2025-09-16T13:48:30+00:00","twitter_card":"summary_large_image","twitter_misc":{"Est. reading time":"4 minutes"},"schema":{"@context":"https:\/\/schema.org","@graph":[{"@type":"WebPage","@id":"https:\/\/www.mkcl.com\/en\/flex-it-uebernimmt-mkcl\/","url":"https:\/\/www.mkcl.com\/en\/flex-it-uebernimmt-mkcl\/","name":"Flex IT \u00fcbernimmt MKCL EN &#8211; MKCL Deutschland GmbH","isPartOf":{"@id":"https:\/\/www.mkcl.com\/#website"},"datePublished":"2024-12-12T13:55:18+00:00","dateModified":"2025-09-16T13:48:30+00:00","description":"Erfahren Sie mehr \u00fcber die \u00dcbernahme der MKCL Deutschland GmbH durch Flex IT und wie diese Akquisition das Portfolio im Bereich Circular IT st\u00e4rkt.","breadcrumb":{"@id":"https:\/\/www.mkcl.com\/en\/flex-it-uebernimmt-mkcl\/#breadcrumb"},"inLanguage":"en-US","potentialAction":[{"@type":"ReadAction","target":["https:\/\/www.mkcl.com\/en\/flex-it-uebernimmt-mkcl\/"]}]},{"@type":"BreadcrumbList","@id":"https:\/\/www.mkcl.com\/en\/flex-it-uebernimmt-mkcl\/#breadcrumb","itemListElement":[{"@type":"ListItem","position":1,"name":"Startseite","item":"https:\/\/www.mkcl.com\/"},{"@type":"ListItem","position":2,"name":"Flex IT \u00fcbernimmt MKCL EN"}]},{"@type":"WebSite","@id":"https:\/\/www.mkcl.com\/#website","url":"https:\/\/www.mkcl.com\/","name":"MKCL Deutschland GmbH","description":"Simplifies Your Business","publisher":{"@id":"https:\/\/www.mkcl.com\/#organization"},"potentialAction":[{"@type":"SearchAction","target":{"@type":"EntryPoint","urlTemplate":"https:\/\/www.mkcl.com\/?s={search_term_string}"},"query-input":{"@type":"PropertyValueSpecification","valueRequired":true,"valueName":"search_term_string"}}],"inLanguage":"en-US"},{"@type":"Organization","@id":"https:\/\/www.mkcl.com\/#organization","name":"MKCL Deutschland GmbH","url":"https:\/\/www.mkcl.com\/","logo":{"@type":"ImageObject","inLanguage":"en-US","@id":"https:\/\/www.mkcl.com\/#\/schema\/logo\/image\/","url":"https:\/\/prod.wordpress.mkcl-com.hc.p34c3.de\/wp-content\/uploads\/2026\/02\/MKCL-Logo.png","contentUrl":"https:\/\/prod.wordpress.mkcl-com.hc.p34c3.de\/wp-content\/uploads\/2026\/02\/MKCL-Logo.png","width":1000,"height":1000,"caption":"MKCL Deutschland GmbH"},"image":{"@id":"https:\/\/www.mkcl.com\/#\/schema\/logo\/image\/"},"sameAs":["https:\/\/www.facebook.com\/MKCLDeutschland\/"]}]}},"_links":{"self":[{"href":"https:\/\/prod.wordpress.mkcl-com.hc.p34c3.de\/en\/wp-json\/wp\/v2\/pages\/5108","targetHints":{"allow":["GET"]}}],"collection":[{"href":"https:\/\/prod.wordpress.mkcl-com.hc.p34c3.de\/en\/wp-json\/wp\/v2\/pages"}],"about":[{"href":"https:\/\/prod.wordpress.mkcl-com.hc.p34c3.de\/en\/wp-json\/wp\/v2\/types\/page"}],"author":[{"embeddable":true,"href":"https:\/\/prod.wordpress.mkcl-com.hc.p34c3.de\/en\/wp-json\/wp\/v2\/users\/16"}],"replies":[{"embeddable":true,"href":"https:\/\/prod.wordpress.mkcl-com.hc.p34c3.de\/en\/wp-json\/wp\/v2\/comments?post=5108"}],"version-history":[{"count":33,"href":"https:\/\/prod.wordpress.mkcl-com.hc.p34c3.de\/en\/wp-json\/wp\/v2\/pages\/5108\/revisions"}],"predecessor-version":[{"id":6388,"href":"https:\/\/prod.wordpress.mkcl-com.hc.p34c3.de\/en\/wp-json\/wp\/v2\/pages\/5108\/revisions\/6388"}],"wp:attachment":[{"href":"https:\/\/prod.wordpress.mkcl-com.hc.p34c3.de\/en\/wp-json\/wp\/v2\/media?parent=5108"}],"curies":[{"name":"wp","href":"https:\/\/api.w.org\/{rel}","templated":true}]}}