{"id":4989,"date":"2024-12-11T16:14:13","date_gmt":"2024-12-11T16:14:13","guid":{"rendered":"https:\/\/wordpress.mkcl-com.hc.p34c3.de\/?page_id=4989"},"modified":"2025-09-18T06:00:24","modified_gmt":"2025-09-18T06:00:24","slug":"remarkting","status":"publish","type":"page","link":"https:\/\/prod.wordpress.mkcl-com.hc.p34c3.de\/en\/remarkting\/","title":{"rendered":"Remarkting EN"},"content":{"rendered":"\n<div class=\"wp-block-group has-tertiary-background-color has-background is-layout-flow wp-container-core-group-is-layout-be9fb5a7 wp-block-group-is-layout-flow\" style=\"border-radius:25px;margin-top:var(--wp--preset--spacing--30);margin-bottom:var(--wp--preset--spacing--30);padding-top:var(--wp--preset--spacing--30);padding-right:var(--wp--preset--spacing--30);padding-bottom:var(--wp--preset--spacing--30);padding-left:var(--wp--preset--spacing--30)\">\n<h1 class=\"wp-block-heading has-text-align-center has-custom-mkcl-blau-color has-text-color has-link-color has-x-large-font-size wp-elements-9bedbad066fa667703739ddc35a17c6b\"><strong>Remarketing<\/strong><\/h1>\n\n\n\n<p class=\"has-text-align-center has-custom-mkcl-blau-color has-text-color has-link-color has-large-font-size wp-elements-1b6c821c700a4dd111a7e476e16d3070\">Economically viable and environmentally friendly: we refurbish your used IT hardware and resell it.<\/p>\n<\/div>\n\n\n\n<div class=\"wp-block-columns alignfull is-layout-flex wp-container-core-columns-is-layout-1a2ddb66 wp-block-columns-is-layout-flex\" style=\"padding-right:var(--wp--preset--spacing--30);padding-left:var(--wp--preset--spacing--30)\">\n<div class=\"wp-block-column is-layout-flow wp-block-column-is-layout-flow\">\n<h2 class=\"wp-block-heading alignfull has-text-align-center has-large-font-size\" style=\"margin-top:var(--wp--preset--spacing--30);margin-bottom:var(--wp--preset--spacing--30)\">What Happens to the Used Devices?<\/h2>\n\n\n\n<p>Do you still have surplus IT devices in your inventory? They are too good to simply be disposed of. But when you market them, you load up a whole list of additional tasks, including<\/p>\n\n\n\n<ul class=\"wp-block-list\">\n<li>taking back the devices as well as the associated logistics, administration, warehousing and appropriate storage;<\/li>\n\n\n\n<li>the secure removal of company data from computers;<\/li>\n\n\n\n<li>the cleaning of devices as well as the reordering and replacement of faulty parts;<\/li>\n\n\n\n<li>and the sale of devices including shipping and all accompanying services and warranties.<\/li>\n<\/ul>\n\n\n\n<h2 class=\"wp-block-heading has-text-align-center has-large-font-size\">Just Leave the Resale to Us<\/h2>\n\n\n\n<p>For many of our customers the effort is simply not affordable. Therefore, we take over the following tasks in the context of the resale:<\/p>\n\n\n\n<ul class=\"wp-block-list\">\n<li>We take over surplus devices for you.<\/li>\n\n\n\n<li>Before the resale we provide a secure data deletion. Your company data will be irrevocably removed from the devices.<\/li>\n\n\n\n<li>We take care of sales, shipping, service as well as the right of return and warranty.<\/li>\n<\/ul>\n\n\n\n<p>You don\u2019t have to worry about anything anymore.<\/p>\n\n\n\n<h2 class=\"wp-block-heading has-text-align-center has-large-font-size\">Economically Sensible and Environmentally Friendly<\/h2>\n\n\n\n<p>Our service for the resale of your devices ensures that you keep your working capacities free for your core tasks. At the same time, the sale of the devices means an economically sensible, environmentally friendly and resource-saving return of high-performance devices to the market.Wiederverkauf Ihrer Ger\u00e4te sorgt daf\u00fcr, dass Sie sich Ihre Arbeitskapazit\u00e4ten f\u00fcr Ihre Kernaufgaben frei halten. Zugleich bedeutet der Verkauf der Ger\u00e4te eine wirtschaftlich sinnvolle, umweltfreundliche und ressourcenschonende R\u00fcckf\u00fchrung leistungsf\u00e4higer Ger\u00e4te in den Markt.<\/p>\n<\/div>\n<\/div>\n\n\n\n<div class=\"wp-block-media-text alignfull has-media-on-the-right is-stacked-on-mobile\" style=\"margin-top:var(--wp--preset--spacing--30);margin-bottom:var(--wp--preset--spacing--30);grid-template-columns:auto 25%\"><div class=\"wp-block-media-text__content\">\n<h3 class=\"wp-block-heading has-large-font-size\">NBWN \u2013 Notebooks wie neu<\/h3>\n\n\n\n<p>Our sales organization, MKCL Remarketing GmbH, markets the demopool devices returned from the test positions to dealers and consumers via the brand \u201cNBWN \u2013 Notebooks wie neu\u201d (notebooks as new).<\/p>\n\n\n\n<p class=\"has-link-color wp-elements-5fd0a7f392ca88ce008b671016ca41cd\">The notebooks, tablets &amp; computers are used very little before they are refurbished in our maintenance center so that they are as good as new when sold. Most of them even have a manufacturer\u2019s warranty that is still valid. Thus, we can offer high-quality business hardware at attractive prices on <a href=\"https:\/\/www.notebookswieneu.de\/\">notebookswieneu.de<\/a>.<\/p>\n\n\n\n<p>In addition, we also market other used devices from various projects.<\/p>\n\n\n\n<p>(1) The devices are produced by the manufacturer.<\/p>\n\n\n\n<p>(2) The devices are made available for testing in the demopool.<\/p>\n\n\n\n<p>(3) A company receives one or more devices for testing.<\/p>\n\n\n\n<p>(4) After a few weeks, the devices are returned and go into remarketing. They are subject to an optical &amp; technical examination, as well as a revision-safe data deletion.<\/p>\n\n\n\n<p class=\"has-link-color wp-elements-0722714f453baa8e5209c5a1f96ebeda\">(5) The renewed devices are offered for sale via our online shop <a href=\"https:\/\/www.notebookswieneu.de\/\">notebookswieneu.de<\/a><\/p>\n<\/div><figure class=\"wp-block-media-text__media\"><img loading=\"lazy\" decoding=\"async\" width=\"903\" height=\"950\" src=\"https:\/\/wordpress.mkcl-com.hc.p34c3.de\/wp-content\/uploads\/2021\/01\/NBWN_Schaubild_DE_11_2019-903x1024-1-e1734011108640.png\" alt=\"\" class=\"wp-image-2585 size-full\" srcset=\"https:\/\/prod.wordpress.mkcl-com.hc.p34c3.de\/wp-content\/uploads\/2021\/01\/NBWN_Schaubild_DE_11_2019-903x1024-1-e1734011108640.png 903w, https:\/\/prod.wordpress.mkcl-com.hc.p34c3.de\/wp-content\/uploads\/2021\/01\/NBWN_Schaubild_DE_11_2019-903x1024-1-e1734011108640-285x300.png 285w, https:\/\/prod.wordpress.mkcl-com.hc.p34c3.de\/wp-content\/uploads\/2021\/01\/NBWN_Schaubild_DE_11_2019-903x1024-1-e1734011108640-768x808.png 768w\" sizes=\"auto, (max-width: 903px) 100vw, 903px\" \/><\/figure><\/div>\n\n\n\n<div class=\"wp-block-media-text alignfull is-stacked-on-mobile\" style=\"margin-right:0;margin-left:0;padding-top:var(--wp--preset--spacing--30);padding-bottom:var(--wp--preset--spacing--30);grid-template-columns:30% auto\"><figure class=\"wp-block-media-text__media\"><img loading=\"lazy\" decoding=\"async\" width=\"1024\" height=\"683\" src=\"https:\/\/wordpress.mkcl-com.hc.p34c3.de\/wp-content\/uploads\/2024\/12\/MKCL_Kontakt-2-1024x683.png\" alt=\"\" class=\"wp-image-5396 size-full\" srcset=\"https:\/\/prod.wordpress.mkcl-com.hc.p34c3.de\/wp-content\/uploads\/2024\/12\/MKCL_Kontakt-2-1024x683.png 1024w, https:\/\/prod.wordpress.mkcl-com.hc.p34c3.de\/wp-content\/uploads\/2024\/12\/MKCL_Kontakt-2-300x200.png 300w, https:\/\/prod.wordpress.mkcl-com.hc.p34c3.de\/wp-content\/uploads\/2024\/12\/MKCL_Kontakt-2-768x513.png 768w, https:\/\/prod.wordpress.mkcl-com.hc.p34c3.de\/wp-content\/uploads\/2024\/12\/MKCL_Kontakt-2-1536x1025.png 1536w, https:\/\/prod.wordpress.mkcl-com.hc.p34c3.de\/wp-content\/uploads\/2024\/12\/MKCL_Kontakt-2-2048x1367.png 2048w\" sizes=\"auto, (max-width: 1024px) 100vw, 1024px\" \/><\/figure><div class=\"wp-block-media-text__content\">\n<h2 class=\"wp-block-heading has-large-font-size\"><br>Do you have any questions about our services?<\/h2>\n\n\n\n<p class=\"has-medium-font-size\"><strong>We look forward to hearing from you!<\/strong><\/p>\n\n\n\n<p>Please feel free to use the contact form. Our team is happy to assist you, and together we will find the right solution for your needs.<\/p>\n\n\n\n<div class=\"wp-block-buttons is-layout-flex wp-block-buttons-is-layout-flex\">\n<div class=\"wp-block-button\"><a class=\"wp-block-button__link has-base-color has-text-color has-link-color wp-element-button\" href=\"\/en\/kontakt\/\" style=\"border-radius:25px\" target=\"_blank\" rel=\"noreferrer noopener\"><strong>To the contact form<\/strong><\/a><\/div>\n<\/div>\n<\/div><\/div>\n","protected":false},"excerpt":{"rendered":"<p>Remarketing Economically viable and environmentally friendly: we refurbish your used IT hardware and resell it. What Happens to the Used Devices? Do you still have surplus IT devices in your inventory? They are too good to simply be disposed of. But when you market them, you load up a whole list of additional tasks, including [&hellip;]<\/p>\n","protected":false},"author":16,"featured_media":0,"parent":0,"menu_order":0,"comment_status":"closed","ping_status":"closed","template":"wp-custom-template-page-mit-header-content-und-footer","meta":{"footnotes":""},"class_list":["post-4989","page","type-page","status-publish","hentry"],"translation":{"provider":"WPGlobus","version":"3.0.2","language":"en","enabled_languages":["de","en"],"languages":{"de":{"title":true,"content":true,"excerpt":false},"en":{"title":true,"content":true,"excerpt":false}}},"yoast_head":"<!-- This site is optimized with the Yoast SEO plugin v27.3 - https:\/\/yoast.com\/product\/yoast-seo-wordpress\/ -->\n<title>Remarkting EN &#8211; MKCL Deutschland GmbH<\/title>\n<meta name=\"robots\" content=\"noindex, follow, max-snippet:-1, max-image-preview:large, max-video-preview:-1\" \/>\n<meta property=\"og:locale\" content=\"en_US\" \/>\n<meta property=\"og:type\" content=\"article\" \/>\n<meta property=\"og:title\" content=\"Remarkting EN &#8211; MKCL Deutschland GmbH\" \/>\n<meta property=\"og:url\" content=\"https:\/\/prod.wordpress.mkcl-com.hc.p34c3.de\/remarkting\/\" \/>\n<meta property=\"og:site_name\" content=\"MKCL Deutschland GmbH\" \/>\n<meta property=\"article:publisher\" content=\"https:\/\/www.facebook.com\/MKCLDeutschland\/\" \/>\n<meta property=\"article:modified_time\" content=\"2025-09-18T06:00:24+00:00\" \/>\n<meta property=\"og:image\" content=\"https:\/\/wordpress.mkcl-com.hc.p34c3.de\/wp-content\/uploads\/2021\/01\/NBWN_Schaubild_DE_11_2019-903x1024-1-e1734011108640.png\" \/>\n<meta name=\"twitter:card\" content=\"summary_large_image\" \/>\n<meta name=\"twitter:label1\" content=\"Est. reading time\" \/>\n\t<meta name=\"twitter:data1\" content=\"4 minutes\" \/>\n<script type=\"application\/ld+json\" class=\"yoast-schema-graph\">{\"@context\":\"https:\\\/\\\/schema.org\",\"@graph\":[{\"@type\":\"WebPage\",\"@id\":\"https:\\\/\\\/prod.wordpress.mkcl-com.hc.p34c3.de\\\/remarkting\\\/\",\"url\":\"https:\\\/\\\/prod.wordpress.mkcl-com.hc.p34c3.de\\\/remarkting\\\/\",\"name\":\"Remarkting EN &#8211; MKCL Deutschland GmbH\",\"isPartOf\":{\"@id\":\"https:\\\/\\\/www.mkcl.com\\\/#website\"},\"primaryImageOfPage\":{\"@id\":\"https:\\\/\\\/prod.wordpress.mkcl-com.hc.p34c3.de\\\/remarkting\\\/#primaryimage\"},\"image\":{\"@id\":\"https:\\\/\\\/prod.wordpress.mkcl-com.hc.p34c3.de\\\/remarkting\\\/#primaryimage\"},\"thumbnailUrl\":\"https:\\\/\\\/wordpress.mkcl-com.hc.p34c3.de\\\/wp-content\\\/uploads\\\/2021\\\/01\\\/NBWN_Schaubild_DE_11_2019-903x1024-1-e1734011108640.png\",\"datePublished\":\"2024-12-11T16:14:13+00:00\",\"dateModified\":\"2025-09-18T06:00:24+00:00\",\"description\":\"Wirtschaftlich sinnvoll und umweltfreundlich: Wir bereiten Ihre gebrauchte IT-Hardware auf und verkaufen sie.\",\"breadcrumb\":{\"@id\":\"https:\\\/\\\/prod.wordpress.mkcl-com.hc.p34c3.de\\\/remarkting\\\/#breadcrumb\"},\"inLanguage\":\"en-US\",\"potentialAction\":[{\"@type\":\"ReadAction\",\"target\":[\"https:\\\/\\\/prod.wordpress.mkcl-com.hc.p34c3.de\\\/remarkting\\\/\"]}]},{\"@type\":\"ImageObject\",\"inLanguage\":\"en-US\",\"@id\":\"https:\\\/\\\/prod.wordpress.mkcl-com.hc.p34c3.de\\\/remarkting\\\/#primaryimage\",\"url\":\"https:\\\/\\\/wordpress.mkcl-com.hc.p34c3.de\\\/wp-content\\\/uploads\\\/2021\\\/01\\\/NBWN_Schaubild_DE_11_2019-903x1024-1-e1734011108640.png\",\"contentUrl\":\"https:\\\/\\\/wordpress.mkcl-com.hc.p34c3.de\\\/wp-content\\\/uploads\\\/2021\\\/01\\\/NBWN_Schaubild_DE_11_2019-903x1024-1-e1734011108640.png\"},{\"@type\":\"BreadcrumbList\",\"@id\":\"https:\\\/\\\/prod.wordpress.mkcl-com.hc.p34c3.de\\\/remarkting\\\/#breadcrumb\",\"itemListElement\":[{\"@type\":\"ListItem\",\"position\":1,\"name\":\"Startseite\",\"item\":\"https:\\\/\\\/www.mkcl.com\\\/\"},{\"@type\":\"ListItem\",\"position\":2,\"name\":\"Remarkting\"}]},{\"@type\":\"WebSite\",\"@id\":\"https:\\\/\\\/www.mkcl.com\\\/#website\",\"url\":\"https:\\\/\\\/www.mkcl.com\\\/\",\"name\":\"MKCL Deutschland GmbH\",\"description\":\"Simplifies Your Business\",\"publisher\":{\"@id\":\"https:\\\/\\\/www.mkcl.com\\\/#organization\"},\"potentialAction\":[{\"@type\":\"SearchAction\",\"target\":{\"@type\":\"EntryPoint\",\"urlTemplate\":\"https:\\\/\\\/www.mkcl.com\\\/?s={search_term_string}\"},\"query-input\":{\"@type\":\"PropertyValueSpecification\",\"valueRequired\":true,\"valueName\":\"search_term_string\"}}],\"inLanguage\":\"en-US\"},{\"@type\":\"Organization\",\"@id\":\"https:\\\/\\\/www.mkcl.com\\\/#organization\",\"name\":\"MKCL Deutschland GmbH\",\"url\":\"https:\\\/\\\/www.mkcl.com\\\/\",\"logo\":{\"@type\":\"ImageObject\",\"inLanguage\":\"en-US\",\"@id\":\"https:\\\/\\\/www.mkcl.com\\\/#\\\/schema\\\/logo\\\/image\\\/\",\"url\":\"https:\\\/\\\/prod.wordpress.mkcl-com.hc.p34c3.de\\\/wp-content\\\/uploads\\\/2026\\\/02\\\/MKCL-Logo.png\",\"contentUrl\":\"https:\\\/\\\/prod.wordpress.mkcl-com.hc.p34c3.de\\\/wp-content\\\/uploads\\\/2026\\\/02\\\/MKCL-Logo.png\",\"width\":1000,\"height\":1000,\"caption\":\"MKCL Deutschland GmbH\"},\"image\":{\"@id\":\"https:\\\/\\\/www.mkcl.com\\\/#\\\/schema\\\/logo\\\/image\\\/\"},\"sameAs\":[\"https:\\\/\\\/www.facebook.com\\\/MKCLDeutschland\\\/\"]}]}<\/script>\n<!-- \/ Yoast SEO plugin. -->","yoast_head_json":{"title":"Remarkting EN &#8211; MKCL Deutschland GmbH","robots":{"index":"noindex","follow":"follow","max-snippet":"max-snippet:-1","max-image-preview":"max-image-preview:large","max-video-preview":"max-video-preview:-1"},"og_locale":"en_US","og_type":"article","og_title":"Remarkting EN &#8211; MKCL Deutschland GmbH","og_url":"https:\/\/prod.wordpress.mkcl-com.hc.p34c3.de\/remarkting\/","og_site_name":"MKCL Deutschland GmbH","article_publisher":"https:\/\/www.facebook.com\/MKCLDeutschland\/","article_modified_time":"2025-09-18T06:00:24+00:00","og_image":[{"url":"https:\/\/wordpress.mkcl-com.hc.p34c3.de\/wp-content\/uploads\/2021\/01\/NBWN_Schaubild_DE_11_2019-903x1024-1-e1734011108640.png","type":"","width":"","height":""}],"twitter_card":"summary_large_image","twitter_misc":{"Est. reading time":"4 minutes"},"schema":{"@context":"https:\/\/schema.org","@graph":[{"@type":"WebPage","@id":"https:\/\/prod.wordpress.mkcl-com.hc.p34c3.de\/remarkting\/","url":"https:\/\/prod.wordpress.mkcl-com.hc.p34c3.de\/remarkting\/","name":"Remarkting EN &#8211; MKCL Deutschland GmbH","isPartOf":{"@id":"https:\/\/www.mkcl.com\/#website"},"primaryImageOfPage":{"@id":"https:\/\/prod.wordpress.mkcl-com.hc.p34c3.de\/remarkting\/#primaryimage"},"image":{"@id":"https:\/\/prod.wordpress.mkcl-com.hc.p34c3.de\/remarkting\/#primaryimage"},"thumbnailUrl":"https:\/\/wordpress.mkcl-com.hc.p34c3.de\/wp-content\/uploads\/2021\/01\/NBWN_Schaubild_DE_11_2019-903x1024-1-e1734011108640.png","datePublished":"2024-12-11T16:14:13+00:00","dateModified":"2025-09-18T06:00:24+00:00","description":"Wirtschaftlich sinnvoll und umweltfreundlich: Wir bereiten Ihre gebrauchte IT-Hardware auf und verkaufen sie.","breadcrumb":{"@id":"https:\/\/prod.wordpress.mkcl-com.hc.p34c3.de\/remarkting\/#breadcrumb"},"inLanguage":"en-US","potentialAction":[{"@type":"ReadAction","target":["https:\/\/prod.wordpress.mkcl-com.hc.p34c3.de\/remarkting\/"]}]},{"@type":"ImageObject","inLanguage":"en-US","@id":"https:\/\/prod.wordpress.mkcl-com.hc.p34c3.de\/remarkting\/#primaryimage","url":"https:\/\/wordpress.mkcl-com.hc.p34c3.de\/wp-content\/uploads\/2021\/01\/NBWN_Schaubild_DE_11_2019-903x1024-1-e1734011108640.png","contentUrl":"https:\/\/wordpress.mkcl-com.hc.p34c3.de\/wp-content\/uploads\/2021\/01\/NBWN_Schaubild_DE_11_2019-903x1024-1-e1734011108640.png"},{"@type":"BreadcrumbList","@id":"https:\/\/prod.wordpress.mkcl-com.hc.p34c3.de\/remarkting\/#breadcrumb","itemListElement":[{"@type":"ListItem","position":1,"name":"Startseite","item":"https:\/\/www.mkcl.com\/"},{"@type":"ListItem","position":2,"name":"Remarkting"}]},{"@type":"WebSite","@id":"https:\/\/www.mkcl.com\/#website","url":"https:\/\/www.mkcl.com\/","name":"MKCL Deutschland GmbH","description":"Simplifies Your Business","publisher":{"@id":"https:\/\/www.mkcl.com\/#organization"},"potentialAction":[{"@type":"SearchAction","target":{"@type":"EntryPoint","urlTemplate":"https:\/\/www.mkcl.com\/?s={search_term_string}"},"query-input":{"@type":"PropertyValueSpecification","valueRequired":true,"valueName":"search_term_string"}}],"inLanguage":"en-US"},{"@type":"Organization","@id":"https:\/\/www.mkcl.com\/#organization","name":"MKCL Deutschland GmbH","url":"https:\/\/www.mkcl.com\/","logo":{"@type":"ImageObject","inLanguage":"en-US","@id":"https:\/\/www.mkcl.com\/#\/schema\/logo\/image\/","url":"https:\/\/prod.wordpress.mkcl-com.hc.p34c3.de\/wp-content\/uploads\/2026\/02\/MKCL-Logo.png","contentUrl":"https:\/\/prod.wordpress.mkcl-com.hc.p34c3.de\/wp-content\/uploads\/2026\/02\/MKCL-Logo.png","width":1000,"height":1000,"caption":"MKCL Deutschland GmbH"},"image":{"@id":"https:\/\/www.mkcl.com\/#\/schema\/logo\/image\/"},"sameAs":["https:\/\/www.facebook.com\/MKCLDeutschland\/"]}]}},"_links":{"self":[{"href":"https:\/\/prod.wordpress.mkcl-com.hc.p34c3.de\/en\/wp-json\/wp\/v2\/pages\/4989","targetHints":{"allow":["GET"]}}],"collection":[{"href":"https:\/\/prod.wordpress.mkcl-com.hc.p34c3.de\/en\/wp-json\/wp\/v2\/pages"}],"about":[{"href":"https:\/\/prod.wordpress.mkcl-com.hc.p34c3.de\/en\/wp-json\/wp\/v2\/types\/page"}],"author":[{"embeddable":true,"href":"https:\/\/prod.wordpress.mkcl-com.hc.p34c3.de\/en\/wp-json\/wp\/v2\/users\/16"}],"replies":[{"embeddable":true,"href":"https:\/\/prod.wordpress.mkcl-com.hc.p34c3.de\/en\/wp-json\/wp\/v2\/comments?post=4989"}],"version-history":[{"count":30,"href":"https:\/\/prod.wordpress.mkcl-com.hc.p34c3.de\/en\/wp-json\/wp\/v2\/pages\/4989\/revisions"}],"predecessor-version":[{"id":6452,"href":"https:\/\/prod.wordpress.mkcl-com.hc.p34c3.de\/en\/wp-json\/wp\/v2\/pages\/4989\/revisions\/6452"}],"wp:attachment":[{"href":"https:\/\/prod.wordpress.mkcl-com.hc.p34c3.de\/en\/wp-json\/wp\/v2\/media?parent=4989"}],"curies":[{"name":"wp","href":"https:\/\/api.w.org\/{rel}","templated":true}]}}