{"id":4987,"date":"2024-12-11T16:13:36","date_gmt":"2024-12-11T16:13:36","guid":{"rendered":"https:\/\/wordpress.mkcl-com.hc.p34c3.de\/?page_id=4987"},"modified":"2025-09-17T07:06:52","modified_gmt":"2025-09-17T07:06:52","slug":"demopool-services","status":"publish","type":"page","link":"https:\/\/prod.wordpress.mkcl-com.hc.p34c3.de\/en\/demopool-services\/","title":{"rendered":"Demopool Services EN"},"content":{"rendered":"\n<div style=\"height:0px\" aria-hidden=\"true\" class=\"wp-block-spacer\"><\/div>\n\n\n\n<div class=\"wp-block-group has-custom-mkcl-blau-color has-tertiary-background-color has-text-color has-background has-link-color wp-elements-f1064267f742d914f518f63372ec1109 is-layout-flow wp-container-core-group-is-layout-f79ab5ee wp-block-group-is-layout-flow\" style=\"border-radius:50px;margin-top:var(--wp--preset--spacing--30);margin-bottom:var(--wp--preset--spacing--30);padding-top:var(--wp--preset--spacing--30);padding-right:var(--wp--preset--spacing--30);padding-bottom:var(--wp--preset--spacing--30);padding-left:var(--wp--preset--spacing--30)\">\n<h1 class=\"wp-block-heading alignfull has-text-align-center has-x-large-font-size\"><strong>Service for Manufacturers of Devices with Configuration Requirements<\/strong><\/h1>\n\n\n\n<p class=\"has-text-align-center has-large-font-size\">Your customers request test equipment and product samples? We take care of processing and logistics.<\/p>\n<\/div>\n\n\n\n<h3 class=\"wp-block-heading has-large-font-size\">Your Customers Expect Test Devices \u2013 Preferably for Free<\/h3>\n\n\n\n<p>Customers are demanding. They often have their own innovative ideas. Before they purchase your devices, they want to know whether your solution delivers what it promises.<\/p>\n\n\n\n<p>As a manufacturer of complex, price-intensive devices with configuration requirements, you understand their wishes very well. Nevertheless, it presents you with a challenge:<\/p>\n\n\n\n<ul class=\"wp-block-list\">\n<li>Who organizes the demopool?<\/li>\n\n\n\n<li>Who takes care of the configuration?<\/li>\n\n\n\n<li>Who takes care of packaging, shipping and delivery?<\/li>\n\n\n\n<li>And who takes the devices back to clean, refurbish and recycle them?<\/li>\n<\/ul>\n\n\n\n<p>This means a lot of ungrateful work for you, because your customer expect on top that you perform this services free of charge within the scope of a possible order.<\/p>\n\n\n\n<h3 class=\"wp-block-heading has-large-font-size\">A Lot of Service Without Renumeration? \u2013 We Have a Different Idea<\/h3>\n\n\n\n<p>What do you think about this alternative:<\/p>\n\n\n\n<ul class=\"wp-block-list\">\n<li>Your sales partner takes up the requirements of your customer and orders the desired devices via configurator.<\/li>\n\n\n\n<li>Thus, he transmits the data to us. Based on this information, we conclude a contract with your customer.<\/li>\n\n\n\n<li>As soon as we have the okay, the implementation begins: We configure the devices, prepare them for shipment and send them to the agreed destinations.<\/li>\n\n\n\n<li>After the test phase, we take the devices back. We clean and repair them.<\/li>\n\n\n\n<li>From then on, the devices are available for the next use.<\/li>\n<\/ul>\n\n\n\n<h3 class=\"wp-block-heading has-large-font-size\">Sounds Simple? That\u2019s What It\u2019s Really All About:<\/h3>\n\n\n\n<ul class=\"wp-block-list\">\n<li><strong>Pool planning and procurement of goods as well as warehousing.<\/strong> We manage demand forecasting, scheduling and controlling so that you only have as many devices in your demopool as necessary. In this way, you achieve the optimum between delivery capacity and capital commitment costs.<\/li>\n\n\n\n<li><strong>Overview of stocks, budgets, deadlines and locations.<\/strong> With the help of our web-based order portal, your employees can always keep track of the use of the devices. It also supports approval processes and provides comprehensive statistics and reporting functions.<\/li>\n\n\n\n<li><strong>Safe and fast dispatch.<\/strong> We deliver to more than 35 countries and, if required, take care of customs clearance for deliveries to non-EU countries. Together with our partners, we have developed outer packaging that ensures that your demo device arrives intact at your customers.<\/li>\n\n\n\n<li><strong>Customer service around logistics.<\/strong> Our service employees are at your disposal for all questions concerning logistics and processing in various languages.<\/li>\n\n\n\n<li><strong>Sales after the test period.<\/strong> After the test period, we take your devices back and use them again as demo devices \u2013 or we market them in consultation with you to end customers, dealers, wholesalers and project customers.<\/li>\n<\/ul>\n\n\n\n<h3 class=\"wp-block-heading has-large-font-size\">Why Should You Run a Demopool on Your Own? Make It Easier for Yourself.<\/h3>\n\n\n\n<p>With the help of our demopool, you can concentrate completely on your core business again and use your devices several times in different, individual scenarios.<\/p>\n\n\n\n<p class=\"has-link-color wp-elements-b1390205c59bd45e07449ec92a1968a5\">Interested? Your contact person is Silke Erickson. You can reach her by e-mail at <a href=\"&#109;a&#x69;l&#x74;o&#x3a;s&#x65;&#64;&#x6d;k&#x63;&#108;&#x2e;&#100;&#x65;\">&#x73;&#x65;&#x40;&#x6d;&#x6b;&#99;&#108;&#46;&#100;e<\/a>.<\/p>\n\n\n\n<div class=\"wp-block-media-text alignfull is-stacked-on-mobile\" style=\"margin-right:0;margin-left:0;padding-top:var(--wp--preset--spacing--30);padding-bottom:var(--wp--preset--spacing--30);grid-template-columns:30% auto\"><figure class=\"wp-block-media-text__media\"><img loading=\"lazy\" decoding=\"async\" width=\"1024\" height=\"683\" src=\"https:\/\/wordpress.mkcl-com.hc.p34c3.de\/wp-content\/uploads\/2024\/12\/MKCL_Kontakt-2-1024x683.png\" alt=\"\" class=\"wp-image-5396 size-full\" srcset=\"https:\/\/prod.wordpress.mkcl-com.hc.p34c3.de\/wp-content\/uploads\/2024\/12\/MKCL_Kontakt-2-1024x683.png 1024w, https:\/\/prod.wordpress.mkcl-com.hc.p34c3.de\/wp-content\/uploads\/2024\/12\/MKCL_Kontakt-2-300x200.png 300w, https:\/\/prod.wordpress.mkcl-com.hc.p34c3.de\/wp-content\/uploads\/2024\/12\/MKCL_Kontakt-2-768x513.png 768w, https:\/\/prod.wordpress.mkcl-com.hc.p34c3.de\/wp-content\/uploads\/2024\/12\/MKCL_Kontakt-2-1536x1025.png 1536w, https:\/\/prod.wordpress.mkcl-com.hc.p34c3.de\/wp-content\/uploads\/2024\/12\/MKCL_Kontakt-2-2048x1367.png 2048w\" sizes=\"auto, (max-width: 1024px) 100vw, 1024px\" \/><\/figure><div class=\"wp-block-media-text__content\">\n<h2 class=\"wp-block-heading has-large-font-size\"><br>Do you have any questions about our services?<\/h2>\n\n\n\n<p class=\"has-medium-font-size\"><strong>We look forward to hearing from you!<\/strong><\/p>\n\n\n\n<p>Please feel free to use the contact form. Our team is happy to assist you, and together we will find the right solution for your needs.<\/p>\n\n\n\n<div class=\"wp-block-buttons is-layout-flex wp-block-buttons-is-layout-flex\">\n<div class=\"wp-block-button\"><a class=\"wp-block-button__link has-base-color has-text-color has-link-color wp-element-button\" href=\"\/en\/kontakt\/\" style=\"border-radius:25px\" target=\"_blank\" rel=\"noreferrer noopener\"><strong>To the contact form<\/strong><\/a><\/div>\n<\/div>\n<\/div><\/div>\n","protected":false},"excerpt":{"rendered":"<p>Service for Manufacturers of Devices with Configuration Requirements Your customers request test equipment and product samples? We take care of processing and logistics. Your Customers Expect Test Devices \u2013 Preferably for Free Customers are demanding. They often have their own innovative ideas. Before they purchase your devices, they want to know whether your solution delivers [&hellip;]<\/p>\n","protected":false},"author":16,"featured_media":0,"parent":0,"menu_order":0,"comment_status":"closed","ping_status":"closed","template":"wp-custom-template-page-mit-header-content-und-footer","meta":{"footnotes":""},"class_list":["post-4987","page","type-page","status-publish","hentry"],"translation":{"provider":"WPGlobus","version":"3.0.2","language":"en","enabled_languages":["de","en"],"languages":{"de":{"title":true,"content":true,"excerpt":false},"en":{"title":true,"content":true,"excerpt":false}}},"yoast_head":"<!-- This site is optimized with the Yoast SEO plugin v27.3 - https:\/\/yoast.com\/product\/yoast-seo-wordpress\/ -->\n<title>Demopool Services EN &#8211; MKCL Deutschland GmbH<\/title>\n<meta name=\"robots\" content=\"noindex, follow, max-snippet:-1, max-image-preview:large, max-video-preview:-1\" \/>\n<meta property=\"og:locale\" content=\"en_US\" \/>\n<meta property=\"og:type\" content=\"article\" \/>\n<meta property=\"og:title\" content=\"Demopool Services EN &#8211; MKCL Deutschland GmbH\" \/>\n<meta property=\"og:url\" content=\"https:\/\/prod.wordpress.mkcl-com.hc.p34c3.de\/demopool-services\/\" \/>\n<meta property=\"og:site_name\" content=\"MKCL Deutschland GmbH\" \/>\n<meta property=\"article:publisher\" content=\"https:\/\/www.facebook.com\/MKCLDeutschland\/\" \/>\n<meta property=\"article:modified_time\" content=\"2025-09-17T07:06:52+00:00\" \/>\n<meta name=\"twitter:card\" content=\"summary_large_image\" \/>\n<meta name=\"twitter:label1\" content=\"Est. reading time\" \/>\n\t<meta name=\"twitter:data1\" content=\"5 minutes\" \/>\n<script type=\"application\/ld+json\" class=\"yoast-schema-graph\">{\"@context\":\"https:\\\/\\\/schema.org\",\"@graph\":[{\"@type\":\"WebPage\",\"@id\":\"https:\\\/\\\/prod.wordpress.mkcl-com.hc.p34c3.de\\\/demopool-services\\\/\",\"url\":\"https:\\\/\\\/prod.wordpress.mkcl-com.hc.p34c3.de\\\/demopool-services\\\/\",\"name\":\"Demopool Services EN &#8211; MKCL Deutschland GmbH\",\"isPartOf\":{\"@id\":\"https:\\\/\\\/www.mkcl.com\\\/#website\"},\"datePublished\":\"2024-12-11T16:13:36+00:00\",\"dateModified\":\"2025-09-17T07:06:52+00:00\",\"description\":\"Optimieren Sie Ihr Demopool-Management mit den Services der MKCL Deutschland GmbH. Von der Logistik \u00fcber den Versand bis zur Wiedervermarktung \u2013 wir bieten ma\u00dfgeschneiderte L\u00f6sungen f\u00fcr Hersteller komplexer IT-Ger\u00e4te.\",\"breadcrumb\":{\"@id\":\"https:\\\/\\\/prod.wordpress.mkcl-com.hc.p34c3.de\\\/demopool-services\\\/#breadcrumb\"},\"inLanguage\":\"en-US\",\"potentialAction\":[{\"@type\":\"ReadAction\",\"target\":[\"https:\\\/\\\/prod.wordpress.mkcl-com.hc.p34c3.de\\\/demopool-services\\\/\"]}]},{\"@type\":\"BreadcrumbList\",\"@id\":\"https:\\\/\\\/prod.wordpress.mkcl-com.hc.p34c3.de\\\/demopool-services\\\/#breadcrumb\",\"itemListElement\":[{\"@type\":\"ListItem\",\"position\":1,\"name\":\"Startseite\",\"item\":\"https:\\\/\\\/www.mkcl.com\\\/\"},{\"@type\":\"ListItem\",\"position\":2,\"name\":\"Demopool Services\"}]},{\"@type\":\"WebSite\",\"@id\":\"https:\\\/\\\/www.mkcl.com\\\/#website\",\"url\":\"https:\\\/\\\/www.mkcl.com\\\/\",\"name\":\"MKCL Deutschland GmbH\",\"description\":\"Simplifies Your Business\",\"publisher\":{\"@id\":\"https:\\\/\\\/www.mkcl.com\\\/#organization\"},\"potentialAction\":[{\"@type\":\"SearchAction\",\"target\":{\"@type\":\"EntryPoint\",\"urlTemplate\":\"https:\\\/\\\/www.mkcl.com\\\/?s={search_term_string}\"},\"query-input\":{\"@type\":\"PropertyValueSpecification\",\"valueRequired\":true,\"valueName\":\"search_term_string\"}}],\"inLanguage\":\"en-US\"},{\"@type\":\"Organization\",\"@id\":\"https:\\\/\\\/www.mkcl.com\\\/#organization\",\"name\":\"MKCL Deutschland GmbH\",\"url\":\"https:\\\/\\\/www.mkcl.com\\\/\",\"logo\":{\"@type\":\"ImageObject\",\"inLanguage\":\"en-US\",\"@id\":\"https:\\\/\\\/www.mkcl.com\\\/#\\\/schema\\\/logo\\\/image\\\/\",\"url\":\"https:\\\/\\\/prod.wordpress.mkcl-com.hc.p34c3.de\\\/wp-content\\\/uploads\\\/2026\\\/02\\\/MKCL-Logo.png\",\"contentUrl\":\"https:\\\/\\\/prod.wordpress.mkcl-com.hc.p34c3.de\\\/wp-content\\\/uploads\\\/2026\\\/02\\\/MKCL-Logo.png\",\"width\":1000,\"height\":1000,\"caption\":\"MKCL Deutschland GmbH\"},\"image\":{\"@id\":\"https:\\\/\\\/www.mkcl.com\\\/#\\\/schema\\\/logo\\\/image\\\/\"},\"sameAs\":[\"https:\\\/\\\/www.facebook.com\\\/MKCLDeutschland\\\/\"]}]}<\/script>\n<!-- \/ Yoast SEO plugin. -->","yoast_head_json":{"title":"Demopool Services EN &#8211; MKCL Deutschland GmbH","robots":{"index":"noindex","follow":"follow","max-snippet":"max-snippet:-1","max-image-preview":"max-image-preview:large","max-video-preview":"max-video-preview:-1"},"og_locale":"en_US","og_type":"article","og_title":"Demopool Services EN &#8211; MKCL Deutschland GmbH","og_url":"https:\/\/prod.wordpress.mkcl-com.hc.p34c3.de\/demopool-services\/","og_site_name":"MKCL Deutschland GmbH","article_publisher":"https:\/\/www.facebook.com\/MKCLDeutschland\/","article_modified_time":"2025-09-17T07:06:52+00:00","twitter_card":"summary_large_image","twitter_misc":{"Est. reading time":"5 minutes"},"schema":{"@context":"https:\/\/schema.org","@graph":[{"@type":"WebPage","@id":"https:\/\/prod.wordpress.mkcl-com.hc.p34c3.de\/demopool-services\/","url":"https:\/\/prod.wordpress.mkcl-com.hc.p34c3.de\/demopool-services\/","name":"Demopool Services EN &#8211; MKCL Deutschland GmbH","isPartOf":{"@id":"https:\/\/www.mkcl.com\/#website"},"datePublished":"2024-12-11T16:13:36+00:00","dateModified":"2025-09-17T07:06:52+00:00","description":"Optimieren Sie Ihr Demopool-Management mit den Services der MKCL Deutschland GmbH. Von der Logistik \u00fcber den Versand bis zur Wiedervermarktung \u2013 wir bieten ma\u00dfgeschneiderte L\u00f6sungen f\u00fcr Hersteller komplexer IT-Ger\u00e4te.","breadcrumb":{"@id":"https:\/\/prod.wordpress.mkcl-com.hc.p34c3.de\/demopool-services\/#breadcrumb"},"inLanguage":"en-US","potentialAction":[{"@type":"ReadAction","target":["https:\/\/prod.wordpress.mkcl-com.hc.p34c3.de\/demopool-services\/"]}]},{"@type":"BreadcrumbList","@id":"https:\/\/prod.wordpress.mkcl-com.hc.p34c3.de\/demopool-services\/#breadcrumb","itemListElement":[{"@type":"ListItem","position":1,"name":"Startseite","item":"https:\/\/www.mkcl.com\/"},{"@type":"ListItem","position":2,"name":"Demopool Services"}]},{"@type":"WebSite","@id":"https:\/\/www.mkcl.com\/#website","url":"https:\/\/www.mkcl.com\/","name":"MKCL Deutschland GmbH","description":"Simplifies Your Business","publisher":{"@id":"https:\/\/www.mkcl.com\/#organization"},"potentialAction":[{"@type":"SearchAction","target":{"@type":"EntryPoint","urlTemplate":"https:\/\/www.mkcl.com\/?s={search_term_string}"},"query-input":{"@type":"PropertyValueSpecification","valueRequired":true,"valueName":"search_term_string"}}],"inLanguage":"en-US"},{"@type":"Organization","@id":"https:\/\/www.mkcl.com\/#organization","name":"MKCL Deutschland GmbH","url":"https:\/\/www.mkcl.com\/","logo":{"@type":"ImageObject","inLanguage":"en-US","@id":"https:\/\/www.mkcl.com\/#\/schema\/logo\/image\/","url":"https:\/\/prod.wordpress.mkcl-com.hc.p34c3.de\/wp-content\/uploads\/2026\/02\/MKCL-Logo.png","contentUrl":"https:\/\/prod.wordpress.mkcl-com.hc.p34c3.de\/wp-content\/uploads\/2026\/02\/MKCL-Logo.png","width":1000,"height":1000,"caption":"MKCL Deutschland GmbH"},"image":{"@id":"https:\/\/www.mkcl.com\/#\/schema\/logo\/image\/"},"sameAs":["https:\/\/www.facebook.com\/MKCLDeutschland\/"]}]}},"_links":{"self":[{"href":"https:\/\/prod.wordpress.mkcl-com.hc.p34c3.de\/en\/wp-json\/wp\/v2\/pages\/4987","targetHints":{"allow":["GET"]}}],"collection":[{"href":"https:\/\/prod.wordpress.mkcl-com.hc.p34c3.de\/en\/wp-json\/wp\/v2\/pages"}],"about":[{"href":"https:\/\/prod.wordpress.mkcl-com.hc.p34c3.de\/en\/wp-json\/wp\/v2\/types\/page"}],"author":[{"embeddable":true,"href":"https:\/\/prod.wordpress.mkcl-com.hc.p34c3.de\/en\/wp-json\/wp\/v2\/users\/16"}],"replies":[{"embeddable":true,"href":"https:\/\/prod.wordpress.mkcl-com.hc.p34c3.de\/en\/wp-json\/wp\/v2\/comments?post=4987"}],"version-history":[{"count":33,"href":"https:\/\/prod.wordpress.mkcl-com.hc.p34c3.de\/en\/wp-json\/wp\/v2\/pages\/4987\/revisions"}],"predecessor-version":[{"id":6432,"href":"https:\/\/prod.wordpress.mkcl-com.hc.p34c3.de\/en\/wp-json\/wp\/v2\/pages\/4987\/revisions\/6432"}],"wp:attachment":[{"href":"https:\/\/prod.wordpress.mkcl-com.hc.p34c3.de\/en\/wp-json\/wp\/v2\/media?parent=4987"}],"curies":[{"name":"wp","href":"https:\/\/api.w.org\/{rel}","templated":true}]}}